{"id":3360,"date":"2019-07-02T23:27:40","date_gmt":"2019-07-02T20:27:40","guid":{"rendered":"http:\/\/www.isttit.com\/?page_id=3360"},"modified":"2023-12-08T16:10:31","modified_gmt":"2023-12-08T16:10:31","slug":"istanbul-taekwondo-tertip-komitesi","status":"publish","type":"page","link":"https:\/\/isttit.com\/?page_id=3360","title":{"rendered":"\u0130STANBUL \u0130L HAKEM KURULU"},"content":{"rendered":"\n<p>\u00a0<\/p>\n<table style=\"border-collapse: collapse; width: 100%; height: 1242px;\">\n<tbody>\n<tr style=\"height: 276px;\">\n<td style=\"width: 30.5952%; height: 276px;\"><a href=\"https:\/\/isttit.com\/wp-content\/uploads\/2023\/07\/mustafa-kemal-gocgun.png\"><img loading=\"lazy\" decoding=\"async\" class=\"aligncenter size-full wp-image-7567\" src=\"https:\/\/isttit.com\/wp-content\/uploads\/2023\/07\/mustafa-kemal-gocgun.png\" alt=\"\" width=\"219\" height=\"276\" \/><\/a><\/td>\n<td style=\"width: 69.4048%; text-align: left; height: 276px;\">Mustafa Kemal G\u00d6CG\u00dcN<br \/>\u0130l Hakem Kurulu Ba\u015fkan\u0131<\/td>\n<\/tr>\n<tr style=\"height: 276px;\">\n<td style=\"width: 30.5952%; height: 276px;\"><a href=\"https:\/\/isttit.com\/wp-content\/uploads\/2023\/07\/yaprak-avci.png\"><img loading=\"lazy\" decoding=\"async\" class=\"aligncenter size-full wp-image-7571\" src=\"https:\/\/isttit.com\/wp-content\/uploads\/2023\/07\/yaprak-avci.png\" alt=\"\" width=\"219\" height=\"276\" \/><\/a><\/td>\n<td style=\"width: 69.4048%; height: 276px;\">Yaprak AVCI<br \/>\u00dcye<\/td>\n<\/tr>\n<tr style=\"height: 276px;\">\n<td style=\"width: 30.5952%; height: 276px;\"><a href=\"https:\/\/isttit.com\/wp-content\/uploads\/2023\/07\/necmettin-ozel.png\"><img loading=\"lazy\" decoding=\"async\" class=\"aligncenter size-full wp-image-7568\" src=\"https:\/\/isttit.com\/wp-content\/uploads\/2023\/07\/necmettin-ozel.png\" alt=\"\" width=\"219\" height=\"276\" \/><\/a><\/td>\n<td style=\"width: 69.4048%; height: 276px;\">Necmettin\u00a0\u00a0\u00d6ZEL<br \/>\u00dcye<\/td>\n<\/tr>\n<tr style=\"height: 23px;\">\n<td style=\"width: 30.5952%; height: 23px;\"><a href=\"https:\/\/isttit.com\/wp-content\/uploads\/2023\/12\/nuray-besenk.png\"><img loading=\"lazy\" decoding=\"async\" class=\"aligncenter size-full wp-image-8014\" src=\"https:\/\/isttit.com\/wp-content\/uploads\/2023\/12\/nuray-besenk.png\" alt=\"\" width=\"219\" height=\"276\" \/><\/a><\/td>\n<td style=\"width: 69.4048%; height: 23px;\">Nuray BE\u015eENK<br \/>\u00dcye<\/td>\n<\/tr>\n<tr style=\"height: 276px;\">\n<td style=\"width: 30.5952%; height: 276px;\"><a href=\"https:\/\/isttit.com\/wp-content\/uploads\/2023\/12\/abdullah-erten.png\"><img loading=\"lazy\" decoding=\"async\" class=\"aligncenter size-full wp-image-8015\" src=\"https:\/\/isttit.com\/wp-content\/uploads\/2023\/12\/abdullah-erten.png\" alt=\"\" width=\"219\" height=\"276\" \/><\/a><\/td>\n<td style=\"width: 69.4048%; height: 276px;\">Abdullah ERTEN<br \/>\u00dcye<\/td>\n<\/tr>\n<tr style=\"height: 23px;\">\n<td style=\"width: 30.5952%; height: 23px;\">\u00a0<\/td>\n<td style=\"width: 69.4048%; height: 23px;\">\u00a0<\/td>\n<\/tr>\n<tr style=\"height: 23px;\">\n<td style=\"width: 30.5952%; height: 23px;\">\u00a0<\/td>\n<td style=\"width: 69.4048%; height: 23px;\">\u00a0<\/td>\n<\/tr>\n<tr style=\"height: 23px;\">\n<td style=\"width: 30.5952%; height: 23px;\">\u00a0<\/td>\n<td style=\"width: 69.4048%; height: 23px;\">\u00a0<\/td>\n<\/tr>\n<tr style=\"height: 23px;\">\n<td style=\"width: 30.5952%; height: 23px;\">\u00a0<\/td>\n<td style=\"width: 69.4048%; height: 23px;\">\u00a0<\/td>\n<\/tr>\n<tr style=\"height: 23px;\">\n<td style=\"width: 30.5952%; height: 23px;\">\u00a0<\/td>\n<td style=\"width: 69.4048%; height: 23px;\">\u00a0<\/td>\n<\/tr>\n<\/tbody>\n<\/table>\n<p>\u00a0<\/p>\n","protected":false},"excerpt":{"rendered":"<p>\u00a0 Mustafa Kemal G\u00d6CG\u00dcN\u0130l Hakem Kurulu Ba\u015fkan\u0131 Yaprak AVCI\u00dcye Necmettin\u00a0\u00a0\u00d6ZEL\u00dcye Nuray BE\u015eENK\u00dcye Abdullah ERTEN\u00dcye \u00a0 \u00a0 \u00a0 \u00a0 \u00a0 \u00a0 \u00a0 \u00a0 \u00a0 \u00a0 \u00a0<\/p>\n","protected":false},"author":5,"featured_media":0,"parent":0,"menu_order":0,"comment_status":"closed","ping_status":"closed","template":"","meta":{"footnotes":""},"class_list":["post-3360","page","type-page","status-publish","hentry"],"_links":{"self":[{"href":"https:\/\/isttit.com\/index.php?rest_route=\/wp\/v2\/pages\/3360","targetHints":{"allow":["GET"]}}],"collection":[{"href":"https:\/\/isttit.com\/index.php?rest_route=\/wp\/v2\/pages"}],"about":[{"href":"https:\/\/isttit.com\/index.php?rest_route=\/wp\/v2\/types\/page"}],"author":[{"embeddable":true,"href":"https:\/\/isttit.com\/index.php?rest_route=\/wp\/v2\/users\/5"}],"replies":[{"embeddable":true,"href":"https:\/\/isttit.com\/index.php?rest_route=%2Fwp%2Fv2%2Fcomments&post=3360"}],"version-history":[{"count":4,"href":"https:\/\/isttit.com\/index.php?rest_route=\/wp\/v2\/pages\/3360\/revisions"}],"predecessor-version":[{"id":8016,"href":"https:\/\/isttit.com\/index.php?rest_route=\/wp\/v2\/pages\/3360\/revisions\/8016"}],"wp:attachment":[{"href":"https:\/\/isttit.com\/index.php?rest_route=%2Fwp%2Fv2%2Fmedia&parent=3360"}],"curies":[{"name":"wp","href":"https:\/\/api.w.org\/{rel}","templated":true}]}}