{"id":4568,"date":"2019-06-30T03:39:13","date_gmt":"2019-06-30T00:39:13","guid":{"rendered":"http:\/\/www.isttit.com\/?page_id=3109"},"modified":"2023-07-02T16:27:31","modified_gmt":"2023-07-02T16:27:31","slug":"taekwondo-il-temsilciligi","status":"publish","type":"page","link":"https:\/\/isttit.com\/?page_id=4568","title":{"rendered":"Taekwondo \u0130l Temsilcili\u011fi"},"content":{"rendered":"\n<p>\u00a0<\/p>\n\n\n\n<table style=\"border-collapse: collapse; width: 100%;\">\n<tbody>\n<tr>\n<td style=\"width: 50%;\"><a href=\"https:\/\/isttit.com\/wp-content\/uploads\/2023\/07\/ahmet-corum.png\"><img loading=\"lazy\" decoding=\"async\" class=\"aligncenter size-full wp-image-7560\" src=\"https:\/\/isttit.com\/wp-content\/uploads\/2023\/07\/ahmet-corum.png\" alt=\"\" width=\"219\" height=\"276\" \/><\/a><\/td>\n<td style=\"width: 50%;\"><a href=\"https:\/\/isttit.com\/wp-content\/uploads\/2023\/07\/FERUDUN-AYDOGAN.png\"><br data-rich-text-line-break=\"true\" \/><\/a><strong>Ahmet \u00c7ORUM<br \/>\u0130l Temsilcisi<br \/><\/strong><\/td>\n<\/tr>\n<tr>\n<td style=\"width: 50%;\"><a href=\"https:\/\/isttit.com\/wp-content\/uploads\/2023\/07\/FERUDUN-AYDOGAN.png\"><img loading=\"lazy\" decoding=\"async\" class=\"aligncenter size-full wp-image-7563\" src=\"https:\/\/isttit.com\/wp-content\/uploads\/2023\/07\/FERUDUN-AYDOGAN.png\" alt=\"\" width=\"219\" height=\"276\" \/><\/a><\/td>\n<td style=\"width: 50%;\"><br data-rich-text-line-break=\"true\" \/><strong>Feridun\u00a0AYDO\u011eAN<\/strong> <br \/>\u0130l Temsilcisi Yard\u0131mc\u0131s\u0131<\/td>\n<\/tr>\n<tr>\n<td style=\"width: 50%;\">\u00a0<\/td>\n<td style=\"width: 50%;\">\u00a0<\/td>\n<\/tr>\n<tr>\n<td style=\"width: 50%;\">\u00a0<\/td>\n<td style=\"width: 50%;\">\u00a0<\/td>\n<\/tr>\n<\/tbody>\n<\/table>\n","protected":false},"excerpt":{"rendered":"<p>\u00a0 Ahmet \u00c7ORUM\u0130l Temsilcisi Feridun\u00a0AYDO\u011eAN \u0130l Temsilcisi Yard\u0131mc\u0131s\u0131 \u00a0 \u00a0 \u00a0 \u00a0<\/p>\n","protected":false},"author":5,"featured_media":6071,"parent":0,"menu_order":0,"comment_status":"closed","ping_status":"closed","template":"","meta":{"footnotes":""},"class_list":["post-4568","page","type-page","status-publish","has-post-thumbnail","hentry"],"_links":{"self":[{"href":"https:\/\/isttit.com\/index.php?rest_route=\/wp\/v2\/pages\/4568","targetHints":{"allow":["GET"]}}],"collection":[{"href":"https:\/\/isttit.com\/index.php?rest_route=\/wp\/v2\/pages"}],"about":[{"href":"https:\/\/isttit.com\/index.php?rest_route=\/wp\/v2\/types\/page"}],"author":[{"embeddable":true,"href":"https:\/\/isttit.com\/index.php?rest_route=\/wp\/v2\/users\/5"}],"replies":[{"embeddable":true,"href":"https:\/\/isttit.com\/index.php?rest_route=%2Fwp%2Fv2%2Fcomments&post=4568"}],"version-history":[{"count":2,"href":"https:\/\/isttit.com\/index.php?rest_route=\/wp\/v2\/pages\/4568\/revisions"}],"predecessor-version":[{"id":7575,"href":"https:\/\/isttit.com\/index.php?rest_route=\/wp\/v2\/pages\/4568\/revisions\/7575"}],"wp:featuredmedia":[{"embeddable":true,"href":"https:\/\/isttit.com\/index.php?rest_route=\/wp\/v2\/media\/6071"}],"wp:attachment":[{"href":"https:\/\/isttit.com\/index.php?rest_route=%2Fwp%2Fv2%2Fmedia&parent=4568"}],"curies":[{"name":"wp","href":"https:\/\/api.w.org\/{rel}","templated":true}]}}