{"id":7576,"date":"2023-07-02T16:32:16","date_gmt":"2023-07-02T16:32:16","guid":{"rendered":"https:\/\/isttit.com\/?page_id=7576"},"modified":"2025-06-19T14:49:39","modified_gmt":"2025-06-19T14:49:39","slug":"il-tertip-kurulu","status":"publish","type":"page","link":"https:\/\/isttit.com\/?page_id=7576","title":{"rendered":"\u0130L TERT\u0130P KURULU"},"content":{"rendered":"\n<table style=\"border-collapse: collapse; width: 100%;\">\n<tbody>\n<tr>\n<td style=\"width: 35.238%;\"><a href=\"https:\/\/isttit.com\/wp-content\/uploads\/2023\/07\/mustafa-agca.png\"><img loading=\"lazy\" decoding=\"async\" class=\"aligncenter size-full wp-image-7566\" src=\"https:\/\/isttit.com\/wp-content\/uploads\/2023\/07\/mustafa-agca.png\" alt=\"\" width=\"219\" height=\"276\" \/><\/a><\/td>\n<td style=\"width: 64.762%;\">Mustafa A\u011eCA<br \/>\u0130l Tertip Kurulu Ba\u015fkan\u0131<\/td>\n<\/tr>\n<tr>\n<td style=\"width: 35.238%;\">\u00a0<\/td>\n<td style=\"width: 64.762%;\"><br \/><br \/><\/td>\n<\/tr>\n<tr>\n<td style=\"width: 35.238%;\"><a href=\"https:\/\/isttit.com\/wp-content\/uploads\/2023\/12\/ihsan-sanlier.png\"><img loading=\"lazy\" decoding=\"async\" class=\"aligncenter size-full wp-image-8021\" src=\"https:\/\/isttit.com\/wp-content\/uploads\/2023\/12\/ihsan-sanlier.png\" alt=\"\" width=\"219\" height=\"276\" \/><\/a><\/td>\n<td style=\"width: 64.762%;\">\u0130hsan \u015eANLIER\u00a0<br \/>\u00dcye<\/td>\n<\/tr>\n<tr>\n<td style=\"width: 35.238%;\"><a href=\"https:\/\/isttit.com\/wp-content\/uploads\/2023\/12\/ihsan-Kahraman.png\">\u00a0<\/a><\/td>\n<td style=\"width: 64.762%;\">\u0130hsan KAHRAMAN<br \/>\u00dcye<\/td>\n<\/tr>\n<tr>\n<td style=\"width: 35.238%;\"><a href=\"https:\/\/isttit.com\/wp-content\/uploads\/2023\/07\/yavuz-yucesoy.png\"><img loading=\"lazy\" decoding=\"async\" class=\"aligncenter size-full wp-image-7572\" src=\"https:\/\/isttit.com\/wp-content\/uploads\/2023\/07\/yavuz-yucesoy.png\" alt=\"\" width=\"219\" height=\"276\" \/><\/a><\/td>\n<td style=\"width: 64.762%;\">Yavuz Y\u00dcCESOY<br \/>\u00dcye<\/td>\n<\/tr>\n<tr>\n<td style=\"width: 35.238%;\"><a href=\"https:\/\/isttit.com\/wp-content\/uploads\/2023\/07\/hakan-yilmaz.png\"><img loading=\"lazy\" decoding=\"async\" class=\"aligncenter size-full wp-image-7564\" src=\"https:\/\/isttit.com\/wp-content\/uploads\/2023\/07\/hakan-yilmaz.png\" alt=\"\" width=\"219\" height=\"276\" \/><\/a><\/td>\n<td style=\"width: 64.762%;\">Hakan Y\u0131ld\u0131r\u0131m<br \/>\u00dcye<\/td>\n<\/tr>\n<tr>\n<td style=\"width: 35.238%;\">\u00a0<\/td>\n<td style=\"width: 64.762%;\"><br \/><br \/><\/td>\n<\/tr>\n<tr>\n<td style=\"width: 35.238%;\">\u00a0<\/td>\n<td style=\"width: 64.762%;\">\u00a0<\/td>\n<\/tr>\n<tr>\n<td style=\"width: 35.238%;\">\u00a0<\/td>\n<td style=\"width: 64.762%;\">\u00a0<\/td>\n<\/tr>\n<tr>\n<td style=\"width: 35.238%;\">\u00a0<\/td>\n<td style=\"width: 64.762%;\">\u00a0<\/td>\n<\/tr>\n<tr>\n<td style=\"width: 35.238%;\">\u00a0<\/td>\n<td style=\"width: 64.762%;\">\u00a0<\/td>\n<\/tr>\n<\/tbody>\n<\/table>\n","protected":false},"excerpt":{"rendered":"<p>Mustafa A\u011eCA\u0130l Tertip Kurulu Ba\u015fkan\u0131 \u00a0 \u0130hsan \u015eANLIER\u00a0\u00dcye \u00a0 \u0130hsan KAHRAMAN\u00dcye Yavuz Y\u00dcCESOY\u00dcye Hakan Y\u0131ld\u0131r\u0131m\u00dcye \u00a0 \u00a0 \u00a0 \u00a0 \u00a0 \u00a0 \u00a0 \u00a0 \u00a0<\/p>\n","protected":false},"author":2,"featured_media":0,"parent":0,"menu_order":0,"comment_status":"closed","ping_status":"closed","template":"","meta":{"footnotes":""},"class_list":["post-7576","page","type-page","status-publish","hentry"],"_links":{"self":[{"href":"https:\/\/isttit.com\/index.php?rest_route=\/wp\/v2\/pages\/7576","targetHints":{"allow":["GET"]}}],"collection":[{"href":"https:\/\/isttit.com\/index.php?rest_route=\/wp\/v2\/pages"}],"about":[{"href":"https:\/\/isttit.com\/index.php?rest_route=\/wp\/v2\/types\/page"}],"author":[{"embeddable":true,"href":"https:\/\/isttit.com\/index.php?rest_route=\/wp\/v2\/users\/2"}],"replies":[{"embeddable":true,"href":"https:\/\/isttit.com\/index.php?rest_route=%2Fwp%2Fv2%2Fcomments&post=7576"}],"version-history":[{"count":6,"href":"https:\/\/isttit.com\/index.php?rest_route=\/wp\/v2\/pages\/7576\/revisions"}],"predecessor-version":[{"id":8649,"href":"https:\/\/isttit.com\/index.php?rest_route=\/wp\/v2\/pages\/7576\/revisions\/8649"}],"wp:attachment":[{"href":"https:\/\/isttit.com\/index.php?rest_route=%2Fwp%2Fv2%2Fmedia&parent=7576"}],"curies":[{"name":"wp","href":"https:\/\/api.w.org\/{rel}","templated":true}]}}