{"id":7581,"date":"2023-07-02T16:48:32","date_gmt":"2023-07-02T16:48:32","guid":{"rendered":"https:\/\/isttit.com\/?page_id=7581"},"modified":"2023-07-02T16:54:01","modified_gmt":"2023-07-02T16:54:01","slug":"bilgi-islem","status":"publish","type":"page","link":"https:\/\/isttit.com\/?page_id=7581","title":{"rendered":"B\u0130LG\u0130 \u0130\u015eLEM"},"content":{"rendered":"\n\n\n<table style=\"border-collapse: collapse; width: 100%;\">\n<tbody>\n<tr>\n<td style=\"width: 30.8334%;\"><a href=\"https:\/\/isttit.com\/wp-content\/uploads\/2023\/07\/sakine-kucukakyuz.png\"><img loading=\"lazy\" decoding=\"async\" class=\"aligncenter size-full wp-image-7570\" src=\"https:\/\/isttit.com\/wp-content\/uploads\/2023\/07\/sakine-kucukakyuz.png\" alt=\"\" width=\"219\" height=\"276\" \/><\/a><\/td>\n<td style=\"width: 69.1666%;\">Sakine K\u00dc\u00c7\u00dcKAKY\u00dcZ<\/td>\n<\/tr>\n<tr>\n<td style=\"width: 30.8334%;\">\u00a0<\/td>\n<td style=\"width: 69.1666%;\">\u00a0<\/td>\n<\/tr>\n<tr>\n<td style=\"width: 30.8334%;\">\u00a0<\/td>\n<td style=\"width: 69.1666%;\">\u00a0<\/td>\n<\/tr>\n<tr>\n<td style=\"width: 30.8334%;\">\u00a0<\/td>\n<td style=\"width: 69.1666%;\">\u00a0<\/td>\n<\/tr>\n<tr>\n<td style=\"width: 30.8334%;\">\u00a0<\/td>\n<td style=\"width: 69.1666%;\">\u00a0<\/td>\n<\/tr>\n<tr>\n<td style=\"width: 30.8334%;\">\u00a0<\/td>\n<td style=\"width: 69.1666%;\">\u00a0<\/td>\n<\/tr>\n<tr>\n<td style=\"width: 30.8334%;\">\u00a0<\/td>\n<td style=\"width: 69.1666%;\">\u00a0<\/td>\n<\/tr>\n<\/tbody>\n<\/table>\n","protected":false},"excerpt":{"rendered":"<p>Sakine K\u00dc\u00c7\u00dcKAKY\u00dcZ \u00a0 \u00a0 \u00a0 \u00a0 \u00a0 \u00a0 \u00a0 \u00a0 \u00a0 \u00a0 \u00a0 \u00a0<\/p>\n","protected":false},"author":2,"featured_media":0,"parent":7576,"menu_order":0,"comment_status":"closed","ping_status":"closed","template":"","meta":{"footnotes":""},"class_list":["post-7581","page","type-page","status-publish","hentry"],"_links":{"self":[{"href":"https:\/\/isttit.com\/index.php?rest_route=\/wp\/v2\/pages\/7581","targetHints":{"allow":["GET"]}}],"collection":[{"href":"https:\/\/isttit.com\/index.php?rest_route=\/wp\/v2\/pages"}],"about":[{"href":"https:\/\/isttit.com\/index.php?rest_route=\/wp\/v2\/types\/page"}],"author":[{"embeddable":true,"href":"https:\/\/isttit.com\/index.php?rest_route=\/wp\/v2\/users\/2"}],"replies":[{"embeddable":true,"href":"https:\/\/isttit.com\/index.php?rest_route=%2Fwp%2Fv2%2Fcomments&post=7581"}],"version-history":[{"count":1,"href":"https:\/\/isttit.com\/index.php?rest_route=\/wp\/v2\/pages\/7581\/revisions"}],"predecessor-version":[{"id":7582,"href":"https:\/\/isttit.com\/index.php?rest_route=\/wp\/v2\/pages\/7581\/revisions\/7582"}],"up":[{"embeddable":true,"href":"https:\/\/isttit.com\/index.php?rest_route=\/wp\/v2\/pages\/7576"}],"wp:attachment":[{"href":"https:\/\/isttit.com\/index.php?rest_route=%2Fwp%2Fv2%2Fmedia&parent=7581"}],"curies":[{"name":"wp","href":"https:\/\/api.w.org\/{rel}","templated":true}]}}